{"id":4154,"date":"2019-10-21T07:26:07","date_gmt":"2019-10-21T07:26:07","guid":{"rendered":"http:\/\/aquashopvietnam.com\/lien-he\/"},"modified":"2021-11-14T23:17:34","modified_gmt":"2021-11-14T16:17:34","slug":"contact-us-2","status":"publish","type":"page","link":"https:\/\/aquashopvietnam.com\/en\/contact-us-2\/","title":{"rendered":"CONTACT US"},"content":{"rendered":"<div class=\"wpb-content-wrapper\"><p>[vc_row fullwidth=&#8221;1&#8243; el_class=&#8221;margin-bottom-50&#8243;][vc_column][vc_gmaps link=&#8221;#E-8_JTNDaWZyYW1lJTIwc3JjJTNEJTIyaHR0cHMlM0ElMkYlMkZ3d3cuZ29vZ2xlLmNvbSUyRm1hcHMlMkZlbWJlZCUzRnBiJTNEJTIxMW0xOCUyMTFtMTIlMjExbTMlMjExZDM5MTguNTk5NTU2MTE4OTU2JTIxMmQxMDYuNjcwMjE1MTQ5OTYzODclMjEzZDEwLjg0MTkyNTc2MDkwOTAxNyUyMTJtMyUyMTFmMCUyMTJmMCUyMTNmMCUyMTNtMiUyMTFpMTAyNCUyMTJpNzY4JTIxNGYxMy4xJTIxM20zJTIxMW0yJTIxMXMweDMxNzUyOTdiMDlhMWFjYTUlMjUzQTB4YzRmYTY5NmMyZGQyYzBlYyUyMTJzQVFVQVNIT1BWTiUyNTIwJTI4RklOSVMlMjUyMFZJRVROQU0lMjklMjE1ZTAlMjEzbTIlMjExc3ZpJTIxMnMlMjE0djE2MDUzMzMyNjcwODYlMjE1bTIlMjExc3ZpJTIxMnMlMjIlMjB3aWR0aCUzRCUyMjYwMCUyMiUyMGhlaWdodCUzRCUyMjQ1MCUyMiUyMGZyYW1lYm9yZGVyJTNEJTIyMCUyMiUyMHN0eWxlJTNEJTIyYm9yZGVyJTNBMCUzQiUyMiUyMGFsbG93ZnVsbHNjcmVlbiUzRCUyMiUyMiUyMGFyaWEtaGlkZGVuJTNEJTIyZmFsc2UlMjIlMjB0YWJpbmRleCUzRCUyMjAlMjIlM0UlM0MlMkZpZnJhbWUlM0U=&#8221;][\/vc_column][\/vc_row][vc_row][vc_column width=&#8221;2\/3&#8243; el_class=&#8221;padding-right-30 padding-side-mobile-0&#8243;]<div class=\"nasa-title clearfix hr-type-none\"><div class=\"nasa-wrap\"><h3 class=\"nasa-heading-title\"><span class=\"nasa-title-wrap\"><span style=\"background: #ffffff;\">Li\u00ean h\u1ec7 v\u1edbi ch\u00fang t\u00f4i<\/span><span class=\"nasa-title-hr\"><\/span><\/span><\/h3><\/div><\/div>[vc_column_text]N\u1ebfu b\u1ea1n c\u00f3 b\u1ea5t k\u1ef3 c\u00e2u h\u1ecfi n\u00e0o, xin vui l\u00f2ng li\u00ean h\u1ec7 v\u1edbi ch\u00fang t\u00f4i.<br \/>\nch\u00fang t\u00f4i s\u1ebd ph\u1ea3n h\u1ed3i nhanh nh\u1ea5t c\u00f3 th\u1ec3. Xin c\u1ea3m \u01a1n![\/vc_column_text][vc_row_inner el_class=&#8221;margin-top-50 mobile-margin-top-30&#8243;][vc_column_inner]\n<div class=\"wpcf7 no-js\" id=\"wpcf7-f3048-o1\" lang=\"en-US\" dir=\"ltr\" data-wpcf7-id=\"3048\">\n<div class=\"screen-reader-response\"><p role=\"status\" aria-live=\"polite\" aria-atomic=\"true\"><\/p> <ul><\/ul><\/div>\n<form action=\"\/en\/wp-json\/wp\/v2\/pages\/4154#wpcf7-f3048-o1\" method=\"post\" class=\"wpcf7-form init\" aria-label=\"Contact form\" novalidate=\"novalidate\" data-status=\"init\">\n<fieldset class=\"hidden-fields-container\"><input type=\"hidden\" name=\"_wpcf7\" value=\"3048\" \/><input type=\"hidden\" name=\"_wpcf7_version\" value=\"6.1.5\" \/><input type=\"hidden\" name=\"_wpcf7_locale\" value=\"en_US\" \/><input type=\"hidden\" name=\"_wpcf7_unit_tag\" value=\"wpcf7-f3048-o1\" \/><input type=\"hidden\" name=\"_wpcf7_container_post\" value=\"0\" \/><input type=\"hidden\" name=\"_wpcf7_posted_data_hash\" value=\"\" \/>\n<\/fieldset>\n<div class=\"contact-form-footer\">\n\t<div class=\"row\">\n\t\t<div class=\"lt-col large-6 columns\">\n\t\t\t<p><label> Your Name (required)<br \/>\n<span class=\"wpcf7-form-control-wrap\" data-name=\"your-name\"><input size=\"40\" maxlength=\"400\" class=\"wpcf7-form-control wpcf7-text wpcf7-validates-as-required\" aria-required=\"true\" aria-invalid=\"false\" placeholder=\"Your name\" value=\"\" type=\"text\" name=\"your-name\" \/><\/span> <\/label>\n\t\t\t<\/p>\n\t\t<\/div>\n\t\t<div class=\"lt-col large-6 columns\">\n\t\t\t<p><label> Your Email (required)<br \/>\n<span class=\"wpcf7-form-control-wrap\" data-name=\"your-email\"><input size=\"40\" maxlength=\"400\" class=\"wpcf7-form-control wpcf7-email wpcf7-validates-as-required wpcf7-text wpcf7-validates-as-email\" aria-required=\"true\" aria-invalid=\"false\" placeholder=\"Your email\" value=\"\" type=\"email\" name=\"your-email\" \/><\/span> <\/label>\n\t\t\t<\/p>\n\t\t<\/div>\n\t<\/div>\n\t<div class=\"row\">\n\t\t<div class=\"large-12 columns\">\n\t\t\t<p><label> Subject<br \/>\n<span class=\"wpcf7-form-control-wrap\" data-name=\"your-subject\"><input size=\"40\" maxlength=\"400\" class=\"wpcf7-form-control wpcf7-text\" aria-invalid=\"false\" value=\"\" type=\"text\" name=\"your-subject\" \/><\/span> <\/label>\n\t\t\t<\/p>\n\t\t<\/div>\n\t<\/div>\n\t<div class=\"row\">\n\t\t<div class=\"large-12 columns\">\n\t\t\t<p><label> Your Message<br \/>\n<span class=\"wpcf7-form-control-wrap\" data-name=\"your-message\"><textarea cols=\"100\" rows=\"20\" maxlength=\"2000\" class=\"wpcf7-form-control wpcf7-textarea\" aria-invalid=\"false\" placeholder=\"Your message\" name=\"your-message\"><\/textarea><\/span><br \/>\n<\/label>\n\t\t\t<\/p>\n\t\t<\/div>\n\t<\/div>\n\t<p><input class=\"wpcf7-form-control wpcf7-submit has-spinner button small btn-contact\" id=\"form-submit\" type=\"submit\" value=\"SUBSCRIBE\" \/>\n\t<\/p>\n<\/div><div class=\"wpcf7-response-output\" aria-hidden=\"true\"><\/div>\n<\/form>\n<\/div>\n[\/vc_column_inner][\/vc_row_inner][\/vc_column][vc_column width=&#8221;1\/3&#8243; el_class=&#8221;mobile-margin-top-30&#8243;]<div class=\"nasa-title clearfix hr-type-none\"><div class=\"nasa-wrap\"><h3 class=\"nasa-heading-title\"><span class=\"nasa-title-wrap\"><span style=\"background: #ffffff;\">Shop<\/span><span class=\"nasa-title-hr\"><\/span><\/span><\/h3><\/div><\/div>[vc_column_text]411\/81 Le Duc Tho Street, Ward 17, Go Vap District, Ho Chi Minh City 700000[\/vc_column_text][vc_column_text]<\/p>\n<h5 class=\"mobile-margin-top-30\" style=\"font-weight: 900; margin-top: 75px;\">Open<\/h5>\n<table style=\"font-size: 15px; font-weight: 600;\">\n<tbody>\n<tr>\n<td>Mon:<\/td>\n<td class=\"text-right\">8:00 &#8211; 21:00<\/td>\n<\/tr>\n<tr>\n<td>Tue:<\/td>\n<td class=\"text-right\">8:00 &#8211; 21:00<\/td>\n<\/tr>\n<tr>\n<td>Wed:<\/td>\n<td class=\"text-right\">8:00 &#8211; 21:00<\/td>\n<\/tr>\n<tr>\n<td>Thu:<\/td>\n<td class=\"text-right\">8:00 &#8211; 21:00<\/td>\n<\/tr>\n<tr>\n<td>Fri:<\/td>\n<td class=\"text-right\">8:00 &#8211; 21:00<\/td>\n<\/tr>\n<tr>\n<td>Sat:<\/td>\n<td class=\"text-right\">8:00 &#8211; 21:00<\/td>\n<\/tr>\n<tr>\n<td>Sun:<\/td>\n<td class=\"text-right\">8:00 &#8211; 21:00<\/td>\n<\/tr>\n<\/tbody>\n<\/table>\n<p>[\/vc_column_text][vc_column_text el_class=&#8221;margin-top-50 mobile-margin-top-20&#8243;]<\/p>\n<h5 style=\"font-weight: 900;\">Contact Us<\/h5>\n<p><b>Mobile<\/b>: (+84) 989250406 &#8211; (+84) 909235682<\/p>\n<p><b lang=\"contact_email\">Email<\/b>\u00a0:\u00a0<a href=\"mailto:monicadanh@live.com\" target=\"_top\" rel=\"noopener noreferrer\">monicadanh@live.com<\/a><\/p>\n<p><b>Website<\/b>\u00a0:\u00a0www.aquashopvn.com[\/vc_column_text][\/vc_column][\/vc_row][vc_row][vc_column el_class=&#8221;desktop-padding-top-40 desktop-margin-bottom-50 mobile-padding-top-10 mobile-padding-bottom-20&#8243;]        <div class=\"nasa-brands\">\r\n                            <div\r\n                    class=\"brands-group nasa-slider owl-carousel\"\r\n                    data-loop=\"true\"\r\n                    data-speed=\"1000\"\r\n                    data-columns=\"6\"\r\n                    data-columns-small=\"3\"\r\n                    data-columns-tablet=\"4\"\r\n                    data-margin=\"20\"\r\n                    data-margin-small=\"10\"\r\n                    data-margin-medium=\"10\"\r\n                    data-switch-tablet=\"848\"\r\n                    data-switch-desktop=\"1130\">\r\n                                            <div class=\"brands-item wow bounceIn text-center\" data-wow-duration=\"1s\" data-wow-delay=\"0ms\">\r\n                                                    <\/div>\r\n                                                                    <div class=\"brands-item wow bounceIn text-center\" data-wow-duration=\"1s\" data-wow-delay=\"100ms\">\r\n                                                    <\/div>\r\n                                                                    <div class=\"brands-item wow bounceIn text-center\" data-wow-duration=\"1s\" data-wow-delay=\"200ms\">\r\n                                                    <\/div>\r\n                                                                    <div class=\"brands-item wow bounceIn text-center\" data-wow-duration=\"1s\" data-wow-delay=\"300ms\">\r\n                                                    <\/div>\r\n                                                                    <div class=\"brands-item wow bounceIn text-center\" data-wow-duration=\"1s\" data-wow-delay=\"400ms\">\r\n                                                    <\/div>\r\n                                                                    <div class=\"brands-item wow bounceIn text-center\" data-wow-duration=\"1s\" data-wow-delay=\"500ms\">\r\n                                                    <\/div>\r\n                                                            <\/div>\r\n\r\n                    <\/div>\r\n        [\/vc_column][\/vc_row]<\/p>\n<\/div>","protected":false},"excerpt":{"rendered":"<p>[vc_row fullwidth=&#8221;1&#8243; el_class=&#8221;margin-bottom-50&#8243;][vc_column][vc_gmaps link=&#8221;#E-8_JTNDaWZyYW1lJTIwc3JjJTNEJTIyaHR0cHMlM0ElMkYlMkZ3d3cuZ29vZ2xlLmNvbSUyRm1hcHMlMkZlbWJlZCUzRnBiJTNEJTIxMW0xOCUyMTFtMTIlMjExbTMlMjExZDM5MTguNTk5NTU2MTE4OTU2JTIxMmQxMDYuNjcwMjE1MTQ5OTYzODclMjEzZDEwLjg0MTkyNTc2MDkwOTAxNyUyMTJtMyUyMTFmMCUyMTJmMCUyMTNmMCUyMTNtMiUyMTFpMTAyNCUyMTJpNzY4JTIxNGYxMy4xJTIxM20zJTIxMW0yJTIxMXMweDMxNzUyOTdiMDlhMWFjYTUlMjUzQTB4YzRmYTY5NmMyZGQyYzBlYyUyMTJzQVFVQVNIT1BWTiUyNTIwJTI4RklOSVMlMjUyMFZJRVROQU0lMjklMjE1ZTAlMjEzbTIlMjExc3ZpJTIxMnMlMjE0djE2MDUzMzMyNjcwODYlMjE1bTIlMjExc3ZpJTIxMnMlMjIlMjB3aWR0aCUzRCUyMjYwMCUyMiUyMGhlaWdodCUzRCUyMjQ1MCUyMiUyMGZyYW1lYm9yZGVyJTNEJTIyMCUyMiUyMHN0eWxlJTNEJTIyYm9yZGVyJTNBMCUzQiUyMiUyMGFsbG93ZnVsbHNjcmVlbiUzRCUyMiUyMiUyMGFyaWEtaGlkZGVuJTNEJTIyZmFsc2UlMjIlMjB0YWJpbmRleCUzRCUyMjAlMjIlM0UlM0MlMkZpZnJhbWUlM0U=&#8221;][\/vc_column][\/vc_row][vc_row][vc_column width=&#8221;2\/3&#8243; el_class=&#8221;padding-right-30 padding-side-mobile-0&#8243;][vc_column_text]N\u1ebfu b\u1ea1n c\u00f3 b\u1ea5t k\u1ef3 c\u00e2u h\u1ecfi n\u00e0o, xin vui l\u00f2ng li\u00ean h\u1ec7 v\u1edbi ch\u00fang t\u00f4i. ch\u00fang t\u00f4i s\u1ebd ph\u1ea3n h\u1ed3i nhanh nh\u1ea5t c\u00f3 th\u1ec3. Xin c\u1ea3m \u01a1n![\/vc_column_text][vc_row_inner el_class=&#8221;margin-top-50 mobile-margin-top-30&#8243;][vc_column_inner][\/vc_column_inner][\/vc_row_inner][\/vc_column][vc_column width=&#8221;1\/3&#8243; el_class=&#8221;mobile-margin-top-30&#8243;][vc_column_text]411\/81 Le Duc Tho Street, Ward 17, Go Vap District, Ho Chi Minh City 700000[\/vc_column_text][vc_column_text] Open Mon: 8:00 [&hellip;]<\/p>\n","protected":false},"author":1,"featured_media":0,"parent":0,"menu_order":0,"comment_status":"closed","ping_status":"closed","template":"page-visual-composer.php","meta":{"_acf_changed":false,"footnotes":""},"class_list":["post-4154","page","type-page","status-publish","hentry"],"acf":[],"_links":{"self":[{"href":"https:\/\/aquashopvietnam.com\/en\/wp-json\/wp\/v2\/pages\/4154","targetHints":{"allow":["GET"]}}],"collection":[{"href":"https:\/\/aquashopvietnam.com\/en\/wp-json\/wp\/v2\/pages"}],"about":[{"href":"https:\/\/aquashopvietnam.com\/en\/wp-json\/wp\/v2\/types\/page"}],"author":[{"embeddable":true,"href":"https:\/\/aquashopvietnam.com\/en\/wp-json\/wp\/v2\/users\/1"}],"replies":[{"embeddable":true,"href":"https:\/\/aquashopvietnam.com\/en\/wp-json\/wp\/v2\/comments?post=4154"}],"version-history":[{"count":10,"href":"https:\/\/aquashopvietnam.com\/en\/wp-json\/wp\/v2\/pages\/4154\/revisions"}],"predecessor-version":[{"id":7777,"href":"https:\/\/aquashopvietnam.com\/en\/wp-json\/wp\/v2\/pages\/4154\/revisions\/7777"}],"wp:attachment":[{"href":"https:\/\/aquashopvietnam.com\/en\/wp-json\/wp\/v2\/media?parent=4154"}],"curies":[{"name":"wp","href":"https:\/\/api.w.org\/{rel}","templated":true}]}}