{"id":4153,"date":"2019-10-21T07:35:49","date_gmt":"2019-10-21T07:35:49","guid":{"rendered":"https:\/\/aquashopvietnam.com\/gioi-thieu\/"},"modified":"2025-06-21T13:30:38","modified_gmt":"2025-06-21T06:30:38","slug":"about-us","status":"publish","type":"page","link":"https:\/\/aquashopvietnam.com\/en\/about-us\/","title":{"rendered":"ABOUT US"},"content":{"rendered":"<div class=\"wpb-content-wrapper\"><p>[vc_row el_class=&#8221;margin-top-80 mobile-margin-top-50&#8243;][vc_column width=&#8221;1\/3&#8243;]<div class=\"nasa-title clearfix hr-type-none\"><div class=\"nasa-wrap\"><h3 class=\"nasa-heading-title\"><span class=\"nasa-title-wrap\"><span style=\"background: #ffffff;\">ABOUT US<\/span><span class=\"nasa-title-hr\"><\/span><\/span><\/h3><\/div><\/div>[vc_column_text]FINIS l\u00e0 c\u00f4ng ty chuy\u00ean v\u1ec1 d\u1ee5ng c\u1ee5 t\u1eadp luy\u1ec7n, ch\u1ec9nh s\u1eefa k\u1ef9 thu\u1eadt b\u01a1i l\u1ed9i h\u00e0ng \u0111\u1ea7u Hoa K\u1ef3, c\u00f3 tr\u1ee5 s\u1edf ch\u00ednh t\u1ea1i California \u2013 Hoa K\u1ef3.<\/p>\n<p>FINIS c\u00f3 m\u1eb7t ch\u00ednh th\u1ee9c t\u1ea1i Vi\u1ec7t Nam n\u0103m 2010 v\u00e0 nh\u00e0 ph\u00e2n ph\u1ed1i ch\u00ednh th\u1ee9c c\u1ee7a FINIS t\u1ea1i Vi\u1ec7t Nam l\u00e0 Aquashopvn.com (tr\u01b0\u1edbc \u0111\u00e2y l\u00e0 PDAN.Co)<\/p>\n<p>Aquashopvn.com hi\u1ec7n nay ch\u1ec9 ph\u00e2n ph\u1ed1i \u0111\u1ed9c quy\u1ec1n c\u00e1c s\u1ea3n ph\u1ea9m c\u1ee7a FINIS nh\u01b0 b\u00e0n qu\u1ea1t, ch\u00e2n v\u1ecbt, v\u00f2i h\u01a1i, n\u00f3n b\u01a1i, k\u00ednh b\u01a1i, phao, v\u00f2ng gi\u1eef kh\u1ee7y tay\u2026.. V\u1edbi ph\u01b0\u01a1ng ch\u00e2m l\u00e0m vi\u1ec7c c\u1ee7a shop l\u00e0 \u0111\u1eb7t ch\u1eef T\u00cdN v\u00e0 S\u1ef0 H\u00c0I L\u00d2NG C\u1ee6A KH\u00c1CH H\u00c0NG l\u00ean h\u00e0ng \u0111\u1ea7u, shop r\u1ea5t mong nh\u1eadn \u0111\u01b0\u1ee3c s\u1ef1 quan t\u00e2m v\u00e0 \u1ee7ng h\u1ed9 c\u1ee7a c\u00e1c qu\u00fd anh ch\u1ecb.[\/vc_column_text][\/vc_column][vc_column width=&#8221;2\/3&#8243; el_class=&#8221;mobile-margin-top-50&#8243;]<div class=\"banner nasa_banner nasa-not-responsive\" data-wow-delay=\"0ms\" onclick=\"window.location='https:\/\/aquashopvietnam.com\/shop\/'\" style=\"height: 355px;\"><div class=\"banner-image nasa-banner-image\" style=\"background-image: url(https:\/\/aquashopvietnam.com\/wp-content\/uploads\/2020\/07\/about-1.png); background-position: center center;\" data-height=\"355\" data-width=\"750\"><\/div><\/div>[\/vc_column][\/vc_row][vc_row el_class=&#8221;margin-top-50 margin-bottom-60 mobile-margin-top-40&#8243;][vc_column width=&#8221;2\/3&#8243;]<div class=\"nasa-title clearfix hr-type-none margin-bottom-15\"><div class=\"nasa-wrap\"><h5 class=\"nasa-heading-title\"><span class=\"nasa-title-wrap\"><span style=\"background: #ffffff;\">Ch\u00fang t\u00f4i c\u00f3 th\u1ec3 gi\u00fap g\u00ec cho b\u1ea1n ?<\/span><span class=\"nasa-title-hr\"><\/span><\/span><\/h5><\/div><\/div>[vc_tta_accordion][vc_tta_section title=&#8221;C\u00e1ch \u0111\u1ec3 li\u00ean l\u1ea1c nhanh nh\u1ea5t?&#8221; tab_id=&#8221;1564715938937-fd1c44cf-25eb&#8221;][vc_column_text]<\/p>\n<div class=\"faq-item\">\n<div class=\"col-md-7 col-sm-7 col-xs-12\">\n<div class=\"desc\">G\u1ecdi \u0111i\u1ec7n tho\u1ea1i: 0989250406 &#8211; 0909235682 \u0111\u1ec3 \u0111\u01b0\u1ee3c t\u01b0 v\u1ea5n v\u00e0 mua h\u00e0ng nhanh nh\u1ea5t.<\/div>\n<\/div>\n<\/div>\n<div class=\"faq-item\">\n<div class=\"col-title col-md-5 col-sm-5 col-xs-12\"><\/div>\n<\/div>\n<p>[\/vc_column_text][\/vc_tta_section][vc_tta_section title=&#8221;C\u00e1ch \u0111\u1eb7t h\u00e0ng tr\u1ef1c tuy\u1ebfn tr\u00ean website?&#8221; tab_id=&#8221;1564715938962-289e5ac1-5ef1&#8243;][vc_column_text]Qu\u00fd kh\u00e1ch th\u00eam s\u1ea3n ph\u1ea9m mu\u1ed1n mua v\u00e0o gi\u1ecf h\u00e0ng, sau \u0111\u00f3 xem l\u1ea1i c\u00e1c \u0111\u01a1n h\u00e0ng \u0111\u00e3 \u0111\u1eb7t v\u00e0 l\u01b0u gi\u1eef c\u00e1c s\u1ea3n ph\u1ea9m \u0111\u00e3 cho v\u00e0o gi\u1ecf h\u00e0ng. V\u00e0 ti\u1ebfn h\u00e0nh thanh to\u00e1n \u0111\u1eb7t h\u00e0ng.[\/vc_column_text][\/vc_tta_section][vc_tta_section title=&#8221;T\u00f4i mu\u1ed1n mua h\u00e0ng tr\u1ef1c ti\u1ebfp th\u00ec \u0111\u1ebfn \u0111\u00e2u?&#8221; tab_id=&#8221;1564715952947-bfcc193e-4e79&#8243;][vc_column_text]Qu\u00fd kh\u00e1ch vui l\u00f2ng \u0111\u1ebfn \u0111\u1ecba ch\u1ec9: 368\/6 Nguy\u1ec5n V\u0103n Nghi, Ph\u01b0\u1eddng 7, Qu\u1eadn G\u00f2 V\u1ea5p, TP.HCM[\/vc_column_text][\/vc_tta_section][vc_tta_section title=&#8221;Ph\u1ea1m vi giao h\u00e0ng nh\u01b0 th\u1ebf n\u00e0o?&#8221; tab_id=&#8221;1564715950997-06db44d4-3325&#8243;][vc_column_text]<\/p>\n<div class=\"faq-item\">\n<div class=\"col-md-7 col-sm-7 col-xs-12\">\n<div class=\"desc\">Mi\u1ec5n ph\u00ed giao h\u00e0ng trong TP. HCM, H\u00e0 N\u1ed9i v\u1edbi c\u00e1c \u0111\u01a1n h\u00e0ng t\u1eeb 149.000 VN\u0110. Mi\u1ec5n ph\u00ed giao h\u00e0ng ngo\u1ea1i t\u1ec9nh v\u1edbi c\u00e1c \u0111\u01a1n h\u00e0ng t\u1eeb 399.000 VN\u0110.<\/div>\n<\/div>\n<\/div>\n<div class=\"faq-item\">\n<div class=\"col-title col-md-5 col-sm-5 col-xs-12\"><\/div>\n<\/div>\n<p>[\/vc_column_text][\/vc_tta_section][vc_tta_section title=&#8221;C\u00e1c \u0111i\u1ec1u ki\u1ec7n \u0111\u01b0\u1ee3c \u0111\u1ed5i h\u00e0ng l\u00e0 g\u00ec?&#8221; tab_id=&#8221;1564715952035-b596446a-6e70&#8243;][vc_column_text]<\/p>\n<div class=\"faq-item\">\n<div class=\"col-md-7 col-sm-7 col-xs-12\">\n<div class=\"desc\">Th\u1eddi h\u1ea1n \u0111\u1ed5i c\u00e1c m\u1eb7t h\u00e0ng \u0111\u00e3 mua t\u1ea1i ch\u00fang t\u00f4i l\u00e0 15 ng\u00e0y k\u1ec3 t\u1eeb ng\u00e0y xu\u1ea5t h\u00e0ng. H\u00e0ng \u0111\u01b0\u1ee3c \u0111\u1ed5i ph\u1ea3i \u0111\u1ea3m b\u1ea3o c\u00f2n m\u1edbi 100% ch\u01b0a \u0111\u01b0\u1ee3c s\u1eed d\u1ee5ng, c\u00f2n nguy\u00ean nh\u00e3n m\u00e1c, nguy\u00ean h\u1ed9p, ph\u1ee5 ki\u1ec7n, phi\u1ebfu b\u1ea3o h\u00e0nh v\u00e0 qu\u00e0 t\u1eb7ng k\u00e8m theo (n\u1ebfu c\u00f3).<\/div>\n<\/div>\n<\/div>\n<div class=\"faq-item\">\n<div class=\"col-title col-md-5 col-sm-5 col-xs-12\"><\/div>\n<\/div>\n<p>[\/vc_column_text][\/vc_tta_section][\/vc_tta_accordion][\/vc_column][vc_column width=&#8221;1\/12&#8243;][vc_empty_space height=&#8221;1px&#8221;][\/vc_column][vc_column width=&#8221;1\/4&#8243; el_class=&#8221;mobile-margin-top-40&#8243;][vc_column_text css=&#8221;&#8221;]<\/p>\n<h5 class=\"mobile-margin-top-30\" style=\"font-weight: 900; margin-top: 75px;\">Open<\/h5>\n<table style=\"font-size: 15px; font-weight: 600;\">\n<tbody>\n<tr>\n<td>Mon:<\/td>\n<td class=\"text-right\">9:00 &#8211; 19:00<\/td>\n<\/tr>\n<tr>\n<td>Tue:<\/td>\n<td class=\"text-right\">9:00 &#8211; 19:00<\/td>\n<\/tr>\n<tr>\n<td>Wed:<\/td>\n<td class=\"text-right\">9:00 &#8211; 19:00<\/td>\n<\/tr>\n<tr>\n<td>Thu:<\/td>\n<td class=\"text-right\">9:00 &#8211; 19:00<\/td>\n<\/tr>\n<tr>\n<td>Fri:<\/td>\n<td class=\"text-right\">9:00 &#8211; 19:00<\/td>\n<\/tr>\n<tr>\n<td>Sat:<\/td>\n<td class=\"text-right\">9:00 &#8211; 19:00<\/td>\n<\/tr>\n<tr>\n<td>Sun:<\/td>\n<td class=\"text-right\">9:00 &#8211; 19:00<\/td>\n<\/tr>\n<\/tbody>\n<\/table>\n<h5 style=\"font-weight: 900;\"><\/h5>\n<p>[\/vc_column_text][vc_column_text el_class=&#8221;margin-top-50 mobile-margin-top-20&#8243;]<\/p>\n<h5 style=\"font-weight: 900;\">Contact Us<\/h5>\n<p><b lang=\"contact_phone\">Address<\/b> : 411\/81 Le Duc Tho Street, 17 Ward, Go Vap District, Ho Chi Minh City<\/p>\n<p><b lang=\"contact_phone\">Mobile<\/b> : (+84) 989250406 &#8211; (+84) 909235682<\/p>\n<p><b lang=\"contact_email\">Email<\/b>\u00a0:\u00a0monicadanh@live.com<\/p>\n<p><b>Website<\/b>\u00a0:\u00a0www.aquashopvn.com[\/vc_column_text][\/vc_column][\/vc_row][vc_row disable_element=&#8221;yes&#8221; el_class=&#8221;margin-bottom-80 mobile-margin-bottom-60&#8243;][vc_column]<div class=\"nasa-title clearfix hr-type-none text-center desktop-margin-bottom-40\"><div class=\"nasa-wrap\"><h3 class=\"nasa-heading-title\"><span class=\"nasa-title-wrap\"><span style=\"background: #ffffff;\">\u0110\u1ed9i ng\u0169 nh\u00e2n vi\u00ean<\/span><span class=\"nasa-title-hr\"><\/span><\/span><\/h3><\/div><\/div>[vc_row_inner][vc_column_inner width=&#8221;1\/5&#8243;]<div class=\"team-member member-type-1 \"><div class=\"member-details\"><h3>LONG NGUY\u1ec4N<\/h3><h3 class=\"member-position\">CEO<\/h3><p class=\"member-desciption\"><\/p><\/div><\/div>[\/vc_column_inner][vc_column_inner width=&#8221;1\/5&#8243;]<div class=\"team-member member-type-1 \"><div class=\"member-details\"><h3>L\u00ca ANH<\/h3><h3 class=\"member-position\">Ph\u00f3 gi\u00e1m \u0111\u1ed1c<\/h3><p class=\"member-desciption\"><\/p><\/div><\/div>[\/vc_column_inner][vc_column_inner width=&#8221;1\/5&#8243;]<div class=\"team-member member-type-1 \"><div class=\"member-details\"><h3>H\u00d2A NGUY\u1ec4N<\/h3><h3 class=\"member-position\">Qu\u1ea3n l\u00fd<\/h3><p class=\"member-desciption\"><\/p><\/div><\/div>[\/vc_column_inner][vc_column_inner width=&#8221;1\/5&#8243;]<div class=\"team-member member-type-1 \"><div class=\"member-details\"><h3>TU\u1ea4N ANH<\/h3><h3 class=\"member-position\">Developer<\/h3><p class=\"member-desciption\"><\/p><\/div><\/div>[\/vc_column_inner][vc_column_inner width=&#8221;1\/5&#8243;]<div class=\"team-member member-type-1 \"><div class=\"member-details\"><h3>H\u00d9NG TR\u1ea6N<\/h3><h3 class=\"member-position\">Kinh doanh<\/h3><p class=\"member-desciption\"><\/p><\/div><\/div>[\/vc_column_inner][\/vc_row_inner][\/vc_column][\/vc_row]<\/p>\n<\/div>","protected":false},"excerpt":{"rendered":"<p>[vc_row el_class=&#8221;margin-top-80 mobile-margin-top-50&#8243;][vc_column width=&#8221;1\/3&#8243;][vc_column_text]FINIS l\u00e0 c\u00f4ng ty chuy\u00ean v\u1ec1 d\u1ee5ng c\u1ee5 t\u1eadp luy\u1ec7n, ch\u1ec9nh s\u1eefa k\u1ef9 thu\u1eadt b\u01a1i l\u1ed9i h\u00e0ng \u0111\u1ea7u Hoa K\u1ef3, c\u00f3 tr\u1ee5 s\u1edf ch\u00ednh t\u1ea1i California \u2013 Hoa K\u1ef3. FINIS c\u00f3 m\u1eb7t ch\u00ednh th\u1ee9c t\u1ea1i Vi\u1ec7t Nam n\u0103m 2010 v\u00e0 nh\u00e0 ph\u00e2n ph\u1ed1i ch\u00ednh th\u1ee9c c\u1ee7a FINIS t\u1ea1i Vi\u1ec7t Nam l\u00e0 Aquashopvn.com [&hellip;]<\/p>\n","protected":false},"author":1,"featured_media":0,"parent":0,"menu_order":0,"comment_status":"closed","ping_status":"closed","template":"page-visual-composer.php","meta":{"_acf_changed":false,"footnotes":""},"class_list":["post-4153","page","type-page","status-publish","hentry"],"acf":[],"_links":{"self":[{"href":"https:\/\/aquashopvietnam.com\/en\/wp-json\/wp\/v2\/pages\/4153","targetHints":{"allow":["GET"]}}],"collection":[{"href":"https:\/\/aquashopvietnam.com\/en\/wp-json\/wp\/v2\/pages"}],"about":[{"href":"https:\/\/aquashopvietnam.com\/en\/wp-json\/wp\/v2\/types\/page"}],"author":[{"embeddable":true,"href":"https:\/\/aquashopvietnam.com\/en\/wp-json\/wp\/v2\/users\/1"}],"replies":[{"embeddable":true,"href":"https:\/\/aquashopvietnam.com\/en\/wp-json\/wp\/v2\/comments?post=4153"}],"version-history":[{"count":14,"href":"https:\/\/aquashopvietnam.com\/en\/wp-json\/wp\/v2\/pages\/4153\/revisions"}],"predecessor-version":[{"id":10369,"href":"https:\/\/aquashopvietnam.com\/en\/wp-json\/wp\/v2\/pages\/4153\/revisions\/10369"}],"wp:attachment":[{"href":"https:\/\/aquashopvietnam.com\/en\/wp-json\/wp\/v2\/media?parent=4153"}],"curies":[{"name":"wp","href":"https:\/\/api.w.org\/{rel}","templated":true}]}}